{"id":2542,"date":"2019-04-03T10:36:06","date_gmt":"2019-04-03T08:36:06","guid":{"rendered":"https:\/\/decoy.dk\/en\/produkt\/morgenkaabe-med-haette-m-oerer\/"},"modified":"2019-04-03T10:36:17","modified_gmt":"2019-04-03T08:36:17","slug":"morgenkaabe-med-haette-m-oerer","status":"publish","type":"product","link":"https:\/\/decoy.dk\/en\/produkt\/morgenkaabe-med-haette-m-oerer\/","title":{"rendered":"Morgenk\u00e5be med h\u00e6tte m. \u00f8rer"},"content":{"rendered":"","protected":false},"excerpt":{"rendered":"<p>Fashion Homewear<\/p>\n","protected":false},"featured_media":2573,"template":"","meta":[],"product_brand":[],"product_cat":[141],"product_tag":[],"class_list":{"0":"post-2542","1":"product","2":"type-product","3":"status-publish","4":"has-post-thumbnail","6":"product_cat-nattoej","7":"product_shipping_class-207","9":"first","10":"instock","11":"purchasable","12":"product-type-simple"},"_links":{"self":[{"href":"https:\/\/decoy.dk\/en\/wp-json\/wp\/v2\/product\/2542","targetHints":{"allow":["GET"]}}],"collection":[{"href":"https:\/\/decoy.dk\/en\/wp-json\/wp\/v2\/product"}],"about":[{"href":"https:\/\/decoy.dk\/en\/wp-json\/wp\/v2\/types\/product"}],"wp:featuredmedia":[{"embeddable":true,"href":"https:\/\/decoy.dk\/en\/wp-json\/wp\/v2\/media\/2573"}],"wp:attachment":[{"href":"https:\/\/decoy.dk\/en\/wp-json\/wp\/v2\/media?parent=2542"}],"wp:term":[{"taxonomy":"product_brand","embeddable":true,"href":"https:\/\/decoy.dk\/en\/wp-json\/wp\/v2\/product_brand?post=2542"},{"taxonomy":"product_cat","embeddable":true,"href":"https:\/\/decoy.dk\/en\/wp-json\/wp\/v2\/product_cat?post=2542"},{"taxonomy":"product_tag","embeddable":true,"href":"https:\/\/decoy.dk\/en\/wp-json\/wp\/v2\/product_tag?post=2542"}],"curies":[{"name":"wp","href":"https:\/\/api.w.org\/{rel}","templated":true}]}}