{"id":2202,"date":"2019-04-03T10:36:53","date_gmt":"2019-04-03T08:36:53","guid":{"rendered":"https:\/\/decoy.dk\/en\/produkt\/stroemper-2-pak-silklook-knaehoeje-3\/"},"modified":"2019-04-03T10:37:05","modified_gmt":"2019-04-03T08:37:05","slug":"stroemper-2-pak-silklook-knaehoeje-3","status":"publish","type":"product","link":"https:\/\/decoy.dk\/en\/produkt\/stroemper-2-pak-silklook-knaehoeje-3\/","title":{"rendered":"Str\u00f8mper 2-pak Silklook Kn\u00e6h\u00f8je"},"content":{"rendered":"","protected":false},"excerpt":{"rendered":"<p>Basic Str\u00f8mper<\/p>\n","protected":false},"featured_media":2361,"template":"","meta":[],"product_brand":[],"product_cat":[137],"product_tag":[],"class_list":{"0":"post-2202","1":"product","2":"type-product","3":"status-publish","4":"has-post-thumbnail","6":"product_cat-stroemper","7":"product_shipping_class-207","9":"first","10":"instock","11":"purchasable","12":"product-type-simple"},"_links":{"self":[{"href":"https:\/\/decoy.dk\/en\/wp-json\/wp\/v2\/product\/2202","targetHints":{"allow":["GET"]}}],"collection":[{"href":"https:\/\/decoy.dk\/en\/wp-json\/wp\/v2\/product"}],"about":[{"href":"https:\/\/decoy.dk\/en\/wp-json\/wp\/v2\/types\/product"}],"wp:featuredmedia":[{"embeddable":true,"href":"https:\/\/decoy.dk\/en\/wp-json\/wp\/v2\/media\/2361"}],"wp:attachment":[{"href":"https:\/\/decoy.dk\/en\/wp-json\/wp\/v2\/media?parent=2202"}],"wp:term":[{"taxonomy":"product_brand","embeddable":true,"href":"https:\/\/decoy.dk\/en\/wp-json\/wp\/v2\/product_brand?post=2202"},{"taxonomy":"product_cat","embeddable":true,"href":"https:\/\/decoy.dk\/en\/wp-json\/wp\/v2\/product_cat?post=2202"},{"taxonomy":"product_tag","embeddable":true,"href":"https:\/\/decoy.dk\/en\/wp-json\/wp\/v2\/product_tag?post=2202"}],"curies":[{"name":"wp","href":"https:\/\/api.w.org\/{rel}","templated":true}]}}